{"id":1200,"date":"2023-10-22T16:03:06","date_gmt":"2023-10-22T14:03:06","guid":{"rendered":"https:\/\/www.indusfoodsolutions.com\/politica-de-privadesa\/"},"modified":"2025-10-21T16:29:09","modified_gmt":"2025-10-21T14:29:09","slug":"politica-de-privadesa","status":"publish","type":"page","link":"https:\/\/www.indusfoodsolutions.com\/ca\/politica-de-privadesa\/","title":{"rendered":"Pol\u00edtica de Privadesa"},"content":{"rendered":"\t\t<div data-elementor-type=\"wp-page\" data-elementor-id=\"1200\" class=\"elementor elementor-1200 elementor-14\" data-elementor-post-type=\"page\">\n\t\t\t\t<div class=\"elementor-element elementor-element-0524e24 e-flex e-con-boxed e-con e-parent\" data-id=\"0524e24\" data-element_type=\"container\" data-e-type=\"container\" data-settings=\"{&quot;background_background&quot;:&quot;classic&quot;}\">\n\t\t\t\t\t<div class=\"e-con-inner\">\n\t\t\t\t<div class=\"elementor-element elementor-element-41d18df elementor-widget elementor-widget-heading\" data-id=\"41d18df\" data-element_type=\"widget\" data-e-type=\"widget\" data-widget_type=\"heading.default\">\n\t\t\t\t<div class=\"elementor-widget-container\">\n\t\t\t\t\t<h1 class=\"elementor-heading-title elementor-size-default\">Pol\u00edtica de Privadesa<\/h1>\t\t\t\t<\/div>\n\t\t\t\t<\/div>\n\t\t\t\t<div class=\"elementor-element elementor-element-1a37b0c elementor-widget-divider--view-line elementor-widget elementor-widget-divider\" data-id=\"1a37b0c\" data-element_type=\"widget\" data-e-type=\"widget\" data-widget_type=\"divider.default\">\n\t\t\t\t<div class=\"elementor-widget-container\">\n\t\t\t\t\t\t\t<div class=\"elementor-divider\">\n\t\t\t<span class=\"elementor-divider-separator\">\n\t\t\t\t\t\t<\/span>\n\t\t<\/div>\n\t\t\t\t\t\t<\/div>\n\t\t\t\t<\/div>\n\t\t\t\t<div class=\"elementor-element elementor-element-b21b59e elementor-widget elementor-widget-text-editor\" data-id=\"b21b59e\" data-element_type=\"widget\" data-e-type=\"widget\" data-widget_type=\"text-editor.default\">\n\t\t\t\t<div class=\"elementor-widget-container\">\n\t\t\t\t\t\t\t\t\t<h3>Responsable del fitxer<\/h3><p>D&#8217;acord amb el que disposa la Llei Org\u00e0nica 15\/1999, de 13 de desembre, de Protecci\u00f3 de Dades de Car\u00e0cter Personal (LOPD), i el Reial Decret 1720\/2007, de 21 de desembre, conegut com el Reglament de desenvolupament de la LOPD i amb les exig\u00e8ncies del Reglament (UE) 2016\/67 2016 relatiu a la protecci\u00f3 de les persones f\u00edsiques (RGPD), aix\u00ed com amb la Llei 34\/2002, de 11 de juliol, de Serveis de la Societat de la Informaci\u00f3 i Comer\u00e7 Electr\u00f2nic (LSSICE o LSSI), t&#8217;informem que:<\/p><p>Si proporciones les teves dades personals a trav\u00e9s del web omplint el formulari de contacte, aquestes seran incorporades a un fitxer el titular del qual \u00e9s <strong>INDUSFOOD SOLUTIONS<\/strong> amb CIF E22674469, sent aquesta societat la responsable del tractament de les dades personals.<\/p><h3>Recollida de dades<\/h3><p>\u00danicament obtenim les teves dades a trav\u00e9s dels correus electr\u00f2nics que ens remetis i els formularis de recollida de dades (formulari de contacte) on s&#8217;indica quins s\u00f3n els camps obligatoris. Si no emplenes aquests camps obligatoris, no ser\u00e0 possible processar la teva petici\u00f3 (enviar la teva consulta). <\/p><h3>Usos i finalitats de les dades recollides<\/h3><p>Les teves dades personals seran tractades exclusivament per a les seg\u00fcents finalitats, depenent del formulari del que provinguin:<\/p><ul><li>Formulari de contacte: les vostres dades s&#8217;utilitzaran per respondre a consultes o sol\u00b7licituds d&#8217;informaci\u00f3.<\/li><\/ul><p>En cap cas cedirem les teves dades personals a altres empreses sense que pr\u00e8viament ens hagis donat el teu consentiment expr\u00e9s, informat i inequ\u00edvoc.<\/p><h3>Encarregats del tractament<\/h3><p><strong>INDUSFOOD SOLUTIONS<\/strong> podr\u00e0 encarregar determinades funcions a tercers per garantir el bon funcionament de l&#8217;empresa i de la prestaci\u00f3 dels serveis que aquesta ofereix, per exemple, caldr\u00e0 comptar amb serveis de missatgeria, allotjament del lloc web, assessorament fiscal, etc.<\/p><p>Els tercers que, per a l&#8217;exercici de les seves funcions, hagin d&#8217;accedir a les dades personals tindran la consideraci\u00f3 d&#8217;encarregats del tractament i compliran totes les obligacions que la legislaci\u00f3 vigent els imposa. <strong>INDUSFOOD SOLUTIONS<\/strong> comptar\u00e0 amb el preceptiu contracte d&#8217;enc\u00e0rrec de tractament amb cadascun.<\/p><h3>Mesures de seguretat<\/h3><p>Hem adoptat les mesures t\u00e8cniques i organitzatives necess\u00e0ries per garantir la seguretat i la integritat de les teves dades personals, i per evitar la seva p\u00e8rdua, alteraci\u00f3 i\/o acc\u00e9s per part de tercers no autoritzats.<\/p><p>Tot i aix\u00f2, sempre que proporciones informaci\u00f3 personal a la xarxa, hi ha el risc que terceres persones, el control de les quals queda fora del nostre abast, puguin interceptar aquesta informaci\u00f3 i utilitzar-la. Encara que a <strong>INDUSFOOD SOLUTIONS<\/strong> ens esforcem per protegir la informaci\u00f3 personal i la seva privadesa no podem garantir la seguretat de la informaci\u00f3 que revelis a trav\u00e9s de la xarxa i sota la teva responsabilitat. <\/p><h3>Exercici de drets<\/h3><p>Pots exercir els teus drets d&#8217;acc\u00e9s, rectificaci\u00f3, supressi\u00f3, limitaci\u00f3 del tractament i oposici\u00f3, aix\u00ed com sol\u00b7licitar la portabilitat de les dades, remetent una sol\u00b7licitud expressa, juntament amb una c\u00f2pia del teu DNI, NIE o passaport a <a href=\"mailto:info@indusfoodsolutions.com\" target=\"_blank\" rel=\"noopener\">info@indusfoodsolutions.com<\/a>.<\/p><p>En exercir el teu dret a la portabilitat de les dades, tindr\u00e0s dret que les dades personals es transmetin directament de responsable a responsable quan sigui t\u00e8cnicament possible.<\/p><h3>Legitimaci\u00f3 del tractament<\/h3><p>El tractament de dades que realitza <strong>INDUSFOOD SOLUTIONS<\/strong> est\u00e0 legitimat amb el consentiment que heu prestat en el moment de proporcionar les vostres dades i es regir\u00e0 pels principis de licitud, lleialtat i transpar\u00e8ncia, minimitzaci\u00f3 de dades, limitaci\u00f3 del termini de conservaci\u00f3, principi d&#8217;integritat i confidencialitat.<\/p><h3>Revocaci\u00f3 del consentiment<\/h3><p>El consentiment prestat, tant per al tractament com per a la cessi\u00f3 de les dades dels interessats, \u00e9s revocable en qualsevol moment comunicant-ho a <strong>INDUSFOOD SOLUTIONS<\/strong> en els termes establerts en aquesta Pol\u00edtica per a l&#8217;exercici dels drets dels titulars de les dades personals. Aquesta revocaci\u00f3 en cap cas no t\u00e9 car\u00e0cter retroactiu. <\/p><h3>Conservaci\u00f3 de les dades personals<\/h3><p>Les dades personals es tractaran \u00fanicament mentre es mantingui la relaci\u00f3 amb el titular, sempre que no exerceixi els seus drets de supressi\u00f3 o oposici\u00f3.<\/p><h3>Versi\u00f3<\/h3><p>\u00daltima revisi\u00f3 de la pol\u00edtica de privadesa: 17\/04\/2025.<\/p>\t\t\t\t\t\t\t\t<\/div>\n\t\t\t\t<\/div>\n\t\t\t\t\t<\/div>\n\t\t\t\t<\/div>\n\t\t\t\t<\/div>\n\t\t","protected":false},"excerpt":{"rendered":"<p>Pol\u00edtica de Privadesa Responsable del fitxer D&#8217;acord amb el que disposa la Llei Org\u00e0nica 15\/1999, de 13 de desembre, de Protecci\u00f3 de Dades de Car\u00e0cter Personal (LOPD), i el Reial Decret 1720\/2007, de 21 de desembre, conegut com el Reglament de desenvolupament de la LOPD i amb les exig\u00e8ncies del Reglament (UE) 2016\/67 2016 relatiu [&hellip;]<\/p>\n","protected":false},"author":1,"featured_media":0,"parent":0,"menu_order":0,"comment_status":"closed","ping_status":"closed","template":"elementor_header_footer","meta":{"footnotes":""},"class_list":["post-1200","page","type-page","status-publish","hentry"],"yoast_head":"<!-- This site is optimized with the Yoast SEO plugin v27.3 - https:\/\/yoast.com\/product\/yoast-seo-wordpress\/ -->\n<title>\u1405 INDUSFOOD: Pol\u00edtica de Privadesa \u30102026\u3011<\/title>\n<meta name=\"robots\" content=\"noindex, follow\" \/>\n<meta property=\"og:locale\" content=\"ca_ES\" \/>\n<meta property=\"og:type\" content=\"article\" \/>\n<meta property=\"og:title\" content=\"\u1405 INDUSFOOD: Pol\u00edtica de Privadesa \u30102026\u3011\" \/>\n<meta property=\"og:description\" content=\"Pol\u00edtica de Privadesa Responsable del fitxer D&#8217;acord amb el que disposa la Llei Org\u00e0nica 15\/1999, de 13 de desembre, de Protecci\u00f3 de Dades de Car\u00e0cter Personal (LOPD), i el Reial Decret 1720\/2007, de 21 de desembre, conegut com el Reglament de desenvolupament de la LOPD i amb les exig\u00e8ncies del Reglament (UE) 2016\/67 2016 relatiu [&hellip;]\" \/>\n<meta property=\"og:url\" content=\"https:\/\/www.indusfoodsolutions.com\/ca\/politica-de-privadesa\/\" \/>\n<meta property=\"og:site_name\" content=\"IndusFood Solutions\" \/>\n<meta property=\"article:modified_time\" content=\"2025-10-21T14:29:09+00:00\" \/>\n<meta name=\"twitter:card\" content=\"summary_large_image\" \/>\n<meta name=\"twitter:label1\" content=\"Temps estimat de lectura\" \/>\n\t<meta name=\"twitter:data1\" content=\"3 minuts\" \/>\n<script type=\"application\/ld+json\" class=\"yoast-schema-graph\">{\"@context\":\"https:\\\/\\\/schema.org\",\"@graph\":[{\"@type\":\"WebPage\",\"@id\":\"https:\\\/\\\/www.indusfoodsolutions.com\\\/ca\\\/politica-de-privadesa\\\/\",\"url\":\"https:\\\/\\\/www.indusfoodsolutions.com\\\/ca\\\/politica-de-privadesa\\\/\",\"name\":\"\u1405 INDUSFOOD: Pol\u00edtica de Privadesa \u30102026\u3011\",\"isPartOf\":{\"@id\":\"https:\\\/\\\/www.indusfoodsolutions.com\\\/ca\\\/#website\"},\"datePublished\":\"2023-10-22T14:03:06+00:00\",\"dateModified\":\"2025-10-21T14:29:09+00:00\",\"breadcrumb\":{\"@id\":\"https:\\\/\\\/www.indusfoodsolutions.com\\\/ca\\\/politica-de-privadesa\\\/#breadcrumb\"},\"inLanguage\":\"ca\",\"potentialAction\":[{\"@type\":\"ReadAction\",\"target\":[\"https:\\\/\\\/www.indusfoodsolutions.com\\\/ca\\\/politica-de-privadesa\\\/\"]}]},{\"@type\":\"BreadcrumbList\",\"@id\":\"https:\\\/\\\/www.indusfoodsolutions.com\\\/ca\\\/politica-de-privadesa\\\/#breadcrumb\",\"itemListElement\":[{\"@type\":\"ListItem\",\"position\":1,\"name\":\"Portada\",\"item\":\"https:\\\/\\\/www.indusfoodsolutions.com\\\/ca\\\/\"},{\"@type\":\"ListItem\",\"position\":2,\"name\":\"Pol\u00edtica de Privadesa\"}]},{\"@type\":\"WebSite\",\"@id\":\"https:\\\/\\\/www.indusfoodsolutions.com\\\/ca\\\/#website\",\"url\":\"https:\\\/\\\/www.indusfoodsolutions.com\\\/ca\\\/\",\"name\":\"IndusFood Solutions\",\"description\":\"Consultor&iacute;a para la Industria Alimentaria\",\"publisher\":{\"@id\":\"https:\\\/\\\/www.indusfoodsolutions.com\\\/ca\\\/#organization\"},\"potentialAction\":[{\"@type\":\"SearchAction\",\"target\":{\"@type\":\"EntryPoint\",\"urlTemplate\":\"https:\\\/\\\/www.indusfoodsolutions.com\\\/ca\\\/?s={search_term_string}\"},\"query-input\":{\"@type\":\"PropertyValueSpecification\",\"valueRequired\":true,\"valueName\":\"search_term_string\"}}],\"inLanguage\":\"ca\"},{\"@type\":\"Organization\",\"@id\":\"https:\\\/\\\/www.indusfoodsolutions.com\\\/ca\\\/#organization\",\"name\":\"IndusFood Solutions\",\"url\":\"https:\\\/\\\/www.indusfoodsolutions.com\\\/ca\\\/\",\"logo\":{\"@type\":\"ImageObject\",\"inLanguage\":\"ca\",\"@id\":\"https:\\\/\\\/www.indusfoodsolutions.com\\\/ca\\\/#\\\/schema\\\/logo\\\/image\\\/\",\"url\":\"https:\\\/\\\/www.indusfoodsolutions.com\\\/wp-content\\\/uploads\\\/2023\\\/10\\\/cropped-indusfood-solutions-logotipo.png\",\"contentUrl\":\"https:\\\/\\\/www.indusfoodsolutions.com\\\/wp-content\\\/uploads\\\/2023\\\/10\\\/cropped-indusfood-solutions-logotipo.png\",\"width\":350,\"height\":100,\"caption\":\"IndusFood Solutions\"},\"image\":{\"@id\":\"https:\\\/\\\/www.indusfoodsolutions.com\\\/ca\\\/#\\\/schema\\\/logo\\\/image\\\/\"}}]}<\/script>\n<!-- \/ Yoast SEO plugin. -->","yoast_head_json":{"title":"\u1405 INDUSFOOD: Pol\u00edtica de Privadesa \u30102026\u3011","robots":{"index":"noindex","follow":"follow"},"og_locale":"ca_ES","og_type":"article","og_title":"\u1405 INDUSFOOD: Pol\u00edtica de Privadesa \u30102026\u3011","og_description":"Pol\u00edtica de Privadesa Responsable del fitxer D&#8217;acord amb el que disposa la Llei Org\u00e0nica 15\/1999, de 13 de desembre, de Protecci\u00f3 de Dades de Car\u00e0cter Personal (LOPD), i el Reial Decret 1720\/2007, de 21 de desembre, conegut com el Reglament de desenvolupament de la LOPD i amb les exig\u00e8ncies del Reglament (UE) 2016\/67 2016 relatiu [&hellip;]","og_url":"https:\/\/www.indusfoodsolutions.com\/ca\/politica-de-privadesa\/","og_site_name":"IndusFood Solutions","article_modified_time":"2025-10-21T14:29:09+00:00","twitter_card":"summary_large_image","twitter_misc":{"Temps estimat de lectura":"3 minuts"},"schema":{"@context":"https:\/\/schema.org","@graph":[{"@type":"WebPage","@id":"https:\/\/www.indusfoodsolutions.com\/ca\/politica-de-privadesa\/","url":"https:\/\/www.indusfoodsolutions.com\/ca\/politica-de-privadesa\/","name":"\u1405 INDUSFOOD: Pol\u00edtica de Privadesa \u30102026\u3011","isPartOf":{"@id":"https:\/\/www.indusfoodsolutions.com\/ca\/#website"},"datePublished":"2023-10-22T14:03:06+00:00","dateModified":"2025-10-21T14:29:09+00:00","breadcrumb":{"@id":"https:\/\/www.indusfoodsolutions.com\/ca\/politica-de-privadesa\/#breadcrumb"},"inLanguage":"ca","potentialAction":[{"@type":"ReadAction","target":["https:\/\/www.indusfoodsolutions.com\/ca\/politica-de-privadesa\/"]}]},{"@type":"BreadcrumbList","@id":"https:\/\/www.indusfoodsolutions.com\/ca\/politica-de-privadesa\/#breadcrumb","itemListElement":[{"@type":"ListItem","position":1,"name":"Portada","item":"https:\/\/www.indusfoodsolutions.com\/ca\/"},{"@type":"ListItem","position":2,"name":"Pol\u00edtica de Privadesa"}]},{"@type":"WebSite","@id":"https:\/\/www.indusfoodsolutions.com\/ca\/#website","url":"https:\/\/www.indusfoodsolutions.com\/ca\/","name":"IndusFood Solutions","description":"Consultor&iacute;a para la Industria Alimentaria","publisher":{"@id":"https:\/\/www.indusfoodsolutions.com\/ca\/#organization"},"potentialAction":[{"@type":"SearchAction","target":{"@type":"EntryPoint","urlTemplate":"https:\/\/www.indusfoodsolutions.com\/ca\/?s={search_term_string}"},"query-input":{"@type":"PropertyValueSpecification","valueRequired":true,"valueName":"search_term_string"}}],"inLanguage":"ca"},{"@type":"Organization","@id":"https:\/\/www.indusfoodsolutions.com\/ca\/#organization","name":"IndusFood Solutions","url":"https:\/\/www.indusfoodsolutions.com\/ca\/","logo":{"@type":"ImageObject","inLanguage":"ca","@id":"https:\/\/www.indusfoodsolutions.com\/ca\/#\/schema\/logo\/image\/","url":"https:\/\/www.indusfoodsolutions.com\/wp-content\/uploads\/2023\/10\/cropped-indusfood-solutions-logotipo.png","contentUrl":"https:\/\/www.indusfoodsolutions.com\/wp-content\/uploads\/2023\/10\/cropped-indusfood-solutions-logotipo.png","width":350,"height":100,"caption":"IndusFood Solutions"},"image":{"@id":"https:\/\/www.indusfoodsolutions.com\/ca\/#\/schema\/logo\/image\/"}}]}},"_links":{"self":[{"href":"https:\/\/www.indusfoodsolutions.com\/ca\/wp-json\/wp\/v2\/pages\/1200","targetHints":{"allow":["GET"]}}],"collection":[{"href":"https:\/\/www.indusfoodsolutions.com\/ca\/wp-json\/wp\/v2\/pages"}],"about":[{"href":"https:\/\/www.indusfoodsolutions.com\/ca\/wp-json\/wp\/v2\/types\/page"}],"author":[{"embeddable":true,"href":"https:\/\/www.indusfoodsolutions.com\/ca\/wp-json\/wp\/v2\/users\/1"}],"replies":[{"embeddable":true,"href":"https:\/\/www.indusfoodsolutions.com\/ca\/wp-json\/wp\/v2\/comments?post=1200"}],"version-history":[{"count":0,"href":"https:\/\/www.indusfoodsolutions.com\/ca\/wp-json\/wp\/v2\/pages\/1200\/revisions"}],"wp:attachment":[{"href":"https:\/\/www.indusfoodsolutions.com\/ca\/wp-json\/wp\/v2\/media?parent=1200"}],"curies":[{"name":"wp","href":"https:\/\/api.w.org\/{rel}","templated":true}]}}