{"id":1198,"date":"2023-10-22T16:03:31","date_gmt":"2023-10-22T14:03:31","guid":{"rendered":"https:\/\/www.indusfoodsolutions.com\/politica-de-cookies\/"},"modified":"2025-10-21T16:17:01","modified_gmt":"2025-10-21T14:17:01","slug":"politica-de-cookies","status":"publish","type":"page","link":"https:\/\/www.indusfoodsolutions.com\/ca\/politica-de-cookies\/","title":{"rendered":"Pol\u00edtica de Cookies"},"content":{"rendered":"\t\t<div data-elementor-type=\"wp-page\" data-elementor-id=\"1198\" class=\"elementor elementor-1198 elementor-15\" data-elementor-post-type=\"page\">\n\t\t\t\t<div class=\"elementor-element elementor-element-3b52ddc e-flex e-con-boxed e-con e-parent\" data-id=\"3b52ddc\" data-element_type=\"container\" data-e-type=\"container\" data-settings=\"{&quot;background_background&quot;:&quot;classic&quot;}\">\n\t\t\t\t\t<div class=\"e-con-inner\">\n\t\t\t\t<div class=\"elementor-element elementor-element-f0cd001 elementor-widget elementor-widget-heading\" data-id=\"f0cd001\" data-element_type=\"widget\" data-e-type=\"widget\" data-widget_type=\"heading.default\">\n\t\t\t\t<div class=\"elementor-widget-container\">\n\t\t\t\t\t<h1 class=\"elementor-heading-title elementor-size-default\">Pol\u00edtica de Cookies<\/h1>\t\t\t\t<\/div>\n\t\t\t\t<\/div>\n\t\t\t\t<div class=\"elementor-element elementor-element-9b4a687 elementor-widget-divider--view-line elementor-widget elementor-widget-divider\" data-id=\"9b4a687\" data-element_type=\"widget\" data-e-type=\"widget\" data-widget_type=\"divider.default\">\n\t\t\t\t<div class=\"elementor-widget-container\">\n\t\t\t\t\t\t\t<div class=\"elementor-divider\">\n\t\t\t<span class=\"elementor-divider-separator\">\n\t\t\t\t\t\t<\/span>\n\t\t<\/div>\n\t\t\t\t\t\t<\/div>\n\t\t\t\t<\/div>\n\t\t\t\t<div class=\"elementor-element elementor-element-96edf18 elementor-widget elementor-widget-text-editor\" data-id=\"96edf18\" data-element_type=\"widget\" data-e-type=\"widget\" data-widget_type=\"text-editor.default\">\n\t\t\t\t<div class=\"elementor-widget-container\">\n\t\t\t\t\t\t\t\t\t<p>L&#8217;acc\u00e9s a aquest Lloc Web pot implicar la utilitzaci\u00f3 de galetes. Les galetes s\u00f3n petites quantitats d&#8217;informaci\u00f3 que s&#8217;emmagatzemen al navegador utilitzat per cada Usuari -en els diferents dispositius que pugui utilitzar per navegar- perqu\u00e8 el servidor recordi certa informaci\u00f3 que posteriorment i \u00fanicament el servidor que la va implementar llegir\u00e0. Les galetes faciliten la navegaci\u00f3, la fan m\u00e9s amigable, i no fan malb\u00e9 el dispositiu de navegaci\u00f3.  <\/p><p>Les cookies s\u00f3n procediments autom\u00e0tics de recollida d&#8217;informaci\u00f3 relativa a les prefer\u00e8ncies determinades per l&#8217;Usuari durant la visita al Lloc Web per tal de recon\u00e8ixer-lo com a Usuari, i personalitzar la seva experi\u00e8ncia i l&#8217;\u00fas del Lloc Web, i poden tamb\u00e9, per exemple, ajudar a identificar i resoldre errors.<\/p><p>La informaci\u00f3 recollida a trav\u00e9s de les galetes pot incloure la data i hora de visites al Lloc Web, les p\u00e0gines visionades, el temps que ha estat al Lloc Web i els llocs visitats just abans i despr\u00e9s. Tot i aix\u00f2, cap galeta permet que aquesta mateixa pugui contactar amb el n\u00famero de tel\u00e8fon de l&#8217;Usuari o amb qualsevol altre mitj\u00e0 de contacte personal. Cap galeta no pot extreure informaci\u00f3 del disc dur de l&#8217;Usuari o robar informaci\u00f3 personal. L&#8217;\u00fanica manera que la informaci\u00f3 privada de l&#8217;Usuari formi part del fitxer Cookie \u00e9s que l&#8217;usuari doni personalment aquesta informaci\u00f3 al servidor.   <\/p><p>Les galetes que permeten identificar una persona es consideren dades personals. Per tant, a les mateixes els ser\u00e0 aplicable la Pol\u00edtica de Privadesa anteriorment descrita. En aquest sentit, per utilitzar-les ser\u00e0 necessari el consentiment de l&#8217;Usuari. Aquest consentiment ser\u00e0 comunicat, en base a una elecci\u00f3 aut\u00e8ntica, ofert mitjan\u00e7ant una decisi\u00f3 afirmativa i positiva, abans del tractament inicial, removible i documentat.   <\/p><h3>Cookies de tercers<\/h3><p>S\u00f3n galetes utilitzades i gestionades per entitats externes que proporcionen a IndusFood Solutions serveis sol\u00b7licitats per aquest mateix per millorar el Lloc Web i l&#8217;experi\u00e8ncia de l&#8217;usuari en navegar al Lloc Web. Els objectius principals per als quals s&#8217;utilitzen galetes de tercers s\u00f3n l&#8217;obtenci\u00f3 d&#8217;estad\u00edstiques d&#8217;accessos i analitzar la informaci\u00f3 de la navegaci\u00f3, \u00e9s a dir, com interactua l&#8217;Usuari amb el Lloc Web. <\/p><p>La informaci\u00f3 que s&#8217;obt\u00e9 es refereix, per exemple, al nombre de p\u00e0gines visitades, l&#8217;idioma, el lloc on l&#8217;adre\u00e7a IP des d&#8217;on accedeix l&#8217;usuari, el nombre d&#8217;usuaris que hi accedeixen, la freq\u00fc\u00e8ncia i la reincid\u00e8ncia de les visites, el temps de visita, el navegador que usen, l&#8217;operador o el tipus de dispositiu des del qual es fa la visita. Aquesta informaci\u00f3 es fa servir per millorar el Lloc Web, i detectar noves necessitats per oferir als Usuaris un Contingut i\/o servei d&#8217;\u00f2ptima qualitat. En tot cas, la informaci\u00f3 es recopila de forma an\u00f2nima i s&#8217;elaboren informes de tend\u00e8ncies del Lloc Web sense identificar usuaris individuals.  <\/p><p>Podeu obtenir m\u00e9s informaci\u00f3 sobre les galetes, la informaci\u00f3 sobre la privadesa, o consultar la descripci\u00f3 del tipus de galetes que s&#8217;utilitza, les seves principals caracter\u00edstiques, per\u00edode d&#8217;expiraci\u00f3, etc. en el seg\u00fcent(s) enlla\u00e7(s):<\/p><p>Google Analytics: https:\/\/developers.google.com\/analytics\/<\/p><p>L&#8217;entitat(s) encarregada(es) del subministrament de cookies podr\u00e0(n) cedir aquesta informaci\u00f3 a tercers, sempre que ho exigeixi la llei o sigui un tercer el que processi aquesta informaci\u00f3 per a aquestes entitats.<\/p><h3>Cookies de xarxes socials<\/h3><p>IndusFood Solutions incorpora plugins de xarxes socials, que permeten accedir-hi a partir del Lloc Web. Per aquesta ra\u00f3, les galetes de xarxes socials es poden emmagatzemar al navegador de l&#8217;Usuari. Els titulars de les xarxes socials esmentades disposen de les seves pr\u00f2pies pol\u00edtiques de protecci\u00f3 de dades i de cookies, sent ells mateixos, en cada cas, responsables dels seus propis fitxers i de les seves pr\u00f2pies pr\u00e0ctiques de privadesa. L&#8217;Usuari ha de referir-s&#8217;hi per informar-se sobre aquestes galetes i, si escau, del tractament de les seves dades personals. \u00danicament a t\u00edtol informatiu s&#8217;indiquen a continuaci\u00f3 els enlla\u00e7os en qu\u00e8 es poden consultar aquestes pol\u00edtiques de privadesa i\/o de cookies:    <\/p><ul><li>Facebook: https:\/\/www.facebook.com\/policies\/cookies\/<\/li><li>Twitter: https:\/\/twitter.com\/es\/privacy<\/li><li>Instagram: https:\/\/help.instagram.com\/1896641480634370?ref=ig<\/li><li>YouTube: https:\/\/policies.google.com\/privacy?hl=es-419&amp;gl=mx<\/li><li>Pinterest: https:\/\/policy.pinterest.com\/es\/privacy-policy<\/li><li>LinkedIn: https:\/\/www.linkedin.com\/legal\/cookie-policy?trk=hp-cookies<\/li><\/ul><h3>Deshabilitar, rebutjar i eliminar cookies<\/h3><p>L&#8217;Usuari pot deshabilitar, rebutjar i eliminar les cookies \u2014totalment o parcialment\u2014 instal\u00b7lades al dispositiu mitjan\u00e7ant la configuraci\u00f3 del vostre navegador (entre els quals es troben, per exemple, Chrome, Firefox, Safari, Explorer). En aquest sentit, els procediments per rebutjar i eliminar les galetes poden diferir d&#8217;un navegador d&#8217;Internet a un altre. En conseq\u00fc\u00e8ncia, l&#8217;Usuari ha d&#8217;acudir a les instruccions facilitades pel navegador d&#8217;Internet mateix que utilitzi. En cas que rebutgi l&#8217;\u00fas de cookies \u2014totalment o parcialment\u2014 podr\u00e0 continuar usant el Lloc Web, si b\u00e9 podr\u00e0 tenir limitada la utilitzaci\u00f3 d&#8217;algunes de les prestacions del mateix.   <\/p><p>Aquest document de Pol\u00edtica de Cookies ha estat creat mitjan\u00e7ant el generador de plantilla de pol\u00edtica de cookies web gratis online el dia 17\/04\/2025.<\/p>\t\t\t\t\t\t\t\t<\/div>\n\t\t\t\t<\/div>\n\t\t\t\t\t<\/div>\n\t\t\t\t<\/div>\n\t\t\t\t<\/div>\n\t\t","protected":false},"excerpt":{"rendered":"<p>Pol\u00edtica de Cookies L&#8217;acc\u00e9s a aquest Lloc Web pot implicar la utilitzaci\u00f3 de galetes. Les galetes s\u00f3n petites quantitats d&#8217;informaci\u00f3 que s&#8217;emmagatzemen al navegador utilitzat per cada Usuari -en els diferents dispositius que pugui utilitzar per navegar- perqu\u00e8 el servidor recordi certa informaci\u00f3 que posteriorment i \u00fanicament el servidor que la va implementar llegir\u00e0. Les [&hellip;]<\/p>\n","protected":false},"author":1,"featured_media":0,"parent":0,"menu_order":0,"comment_status":"closed","ping_status":"closed","template":"elementor_header_footer","meta":{"footnotes":""},"class_list":["post-1198","page","type-page","status-publish","hentry"],"yoast_head":"<!-- This site is optimized with the Yoast SEO plugin v27.3 - https:\/\/yoast.com\/product\/yoast-seo-wordpress\/ -->\n<title>\u1405 INDUSFOOD: Pol\u00edtica de Cookies \u30102026\u3011<\/title>\n<meta name=\"robots\" content=\"noindex, follow\" \/>\n<meta property=\"og:locale\" content=\"ca_ES\" \/>\n<meta property=\"og:type\" content=\"article\" \/>\n<meta property=\"og:title\" content=\"\u1405 INDUSFOOD: Pol\u00edtica de Cookies \u30102026\u3011\" \/>\n<meta property=\"og:description\" content=\"Pol\u00edtica de Cookies L&#8217;acc\u00e9s a aquest Lloc Web pot implicar la utilitzaci\u00f3 de galetes. Les galetes s\u00f3n petites quantitats d&#8217;informaci\u00f3 que s&#8217;emmagatzemen al navegador utilitzat per cada Usuari -en els diferents dispositius que pugui utilitzar per navegar- perqu\u00e8 el servidor recordi certa informaci\u00f3 que posteriorment i \u00fanicament el servidor que la va implementar llegir\u00e0. Les [&hellip;]\" \/>\n<meta property=\"og:url\" content=\"https:\/\/www.indusfoodsolutions.com\/ca\/politica-de-cookies\/\" \/>\n<meta property=\"og:site_name\" content=\"IndusFood Solutions\" \/>\n<meta property=\"article:modified_time\" content=\"2025-10-21T14:17:01+00:00\" \/>\n<meta name=\"twitter:card\" content=\"summary_large_image\" \/>\n<meta name=\"twitter:label1\" content=\"Temps estimat de lectura\" \/>\n\t<meta name=\"twitter:data1\" content=\"4 minuts\" \/>\n<script type=\"application\/ld+json\" class=\"yoast-schema-graph\">{\"@context\":\"https:\\\/\\\/schema.org\",\"@graph\":[{\"@type\":\"WebPage\",\"@id\":\"https:\\\/\\\/www.indusfoodsolutions.com\\\/ca\\\/politica-de-cookies\\\/\",\"url\":\"https:\\\/\\\/www.indusfoodsolutions.com\\\/ca\\\/politica-de-cookies\\\/\",\"name\":\"\u1405 INDUSFOOD: Pol\u00edtica de Cookies \u30102026\u3011\",\"isPartOf\":{\"@id\":\"https:\\\/\\\/www.indusfoodsolutions.com\\\/ca\\\/#website\"},\"datePublished\":\"2023-10-22T14:03:31+00:00\",\"dateModified\":\"2025-10-21T14:17:01+00:00\",\"breadcrumb\":{\"@id\":\"https:\\\/\\\/www.indusfoodsolutions.com\\\/ca\\\/politica-de-cookies\\\/#breadcrumb\"},\"inLanguage\":\"ca\",\"potentialAction\":[{\"@type\":\"ReadAction\",\"target\":[\"https:\\\/\\\/www.indusfoodsolutions.com\\\/ca\\\/politica-de-cookies\\\/\"]}]},{\"@type\":\"BreadcrumbList\",\"@id\":\"https:\\\/\\\/www.indusfoodsolutions.com\\\/ca\\\/politica-de-cookies\\\/#breadcrumb\",\"itemListElement\":[{\"@type\":\"ListItem\",\"position\":1,\"name\":\"Portada\",\"item\":\"https:\\\/\\\/www.indusfoodsolutions.com\\\/ca\\\/\"},{\"@type\":\"ListItem\",\"position\":2,\"name\":\"Pol\u00edtica de Cookies\"}]},{\"@type\":\"WebSite\",\"@id\":\"https:\\\/\\\/www.indusfoodsolutions.com\\\/ca\\\/#website\",\"url\":\"https:\\\/\\\/www.indusfoodsolutions.com\\\/ca\\\/\",\"name\":\"IndusFood Solutions\",\"description\":\"Consultor&iacute;a para la Industria Alimentaria\",\"publisher\":{\"@id\":\"https:\\\/\\\/www.indusfoodsolutions.com\\\/ca\\\/#organization\"},\"potentialAction\":[{\"@type\":\"SearchAction\",\"target\":{\"@type\":\"EntryPoint\",\"urlTemplate\":\"https:\\\/\\\/www.indusfoodsolutions.com\\\/ca\\\/?s={search_term_string}\"},\"query-input\":{\"@type\":\"PropertyValueSpecification\",\"valueRequired\":true,\"valueName\":\"search_term_string\"}}],\"inLanguage\":\"ca\"},{\"@type\":\"Organization\",\"@id\":\"https:\\\/\\\/www.indusfoodsolutions.com\\\/ca\\\/#organization\",\"name\":\"IndusFood Solutions\",\"url\":\"https:\\\/\\\/www.indusfoodsolutions.com\\\/ca\\\/\",\"logo\":{\"@type\":\"ImageObject\",\"inLanguage\":\"ca\",\"@id\":\"https:\\\/\\\/www.indusfoodsolutions.com\\\/ca\\\/#\\\/schema\\\/logo\\\/image\\\/\",\"url\":\"https:\\\/\\\/www.indusfoodsolutions.com\\\/wp-content\\\/uploads\\\/2023\\\/10\\\/cropped-indusfood-solutions-logotipo.png\",\"contentUrl\":\"https:\\\/\\\/www.indusfoodsolutions.com\\\/wp-content\\\/uploads\\\/2023\\\/10\\\/cropped-indusfood-solutions-logotipo.png\",\"width\":350,\"height\":100,\"caption\":\"IndusFood Solutions\"},\"image\":{\"@id\":\"https:\\\/\\\/www.indusfoodsolutions.com\\\/ca\\\/#\\\/schema\\\/logo\\\/image\\\/\"}}]}<\/script>\n<!-- \/ Yoast SEO plugin. -->","yoast_head_json":{"title":"\u1405 INDUSFOOD: Pol\u00edtica de Cookies \u30102026\u3011","robots":{"index":"noindex","follow":"follow"},"og_locale":"ca_ES","og_type":"article","og_title":"\u1405 INDUSFOOD: Pol\u00edtica de Cookies \u30102026\u3011","og_description":"Pol\u00edtica de Cookies L&#8217;acc\u00e9s a aquest Lloc Web pot implicar la utilitzaci\u00f3 de galetes. Les galetes s\u00f3n petites quantitats d&#8217;informaci\u00f3 que s&#8217;emmagatzemen al navegador utilitzat per cada Usuari -en els diferents dispositius que pugui utilitzar per navegar- perqu\u00e8 el servidor recordi certa informaci\u00f3 que posteriorment i \u00fanicament el servidor que la va implementar llegir\u00e0. Les [&hellip;]","og_url":"https:\/\/www.indusfoodsolutions.com\/ca\/politica-de-cookies\/","og_site_name":"IndusFood Solutions","article_modified_time":"2025-10-21T14:17:01+00:00","twitter_card":"summary_large_image","twitter_misc":{"Temps estimat de lectura":"4 minuts"},"schema":{"@context":"https:\/\/schema.org","@graph":[{"@type":"WebPage","@id":"https:\/\/www.indusfoodsolutions.com\/ca\/politica-de-cookies\/","url":"https:\/\/www.indusfoodsolutions.com\/ca\/politica-de-cookies\/","name":"\u1405 INDUSFOOD: Pol\u00edtica de Cookies \u30102026\u3011","isPartOf":{"@id":"https:\/\/www.indusfoodsolutions.com\/ca\/#website"},"datePublished":"2023-10-22T14:03:31+00:00","dateModified":"2025-10-21T14:17:01+00:00","breadcrumb":{"@id":"https:\/\/www.indusfoodsolutions.com\/ca\/politica-de-cookies\/#breadcrumb"},"inLanguage":"ca","potentialAction":[{"@type":"ReadAction","target":["https:\/\/www.indusfoodsolutions.com\/ca\/politica-de-cookies\/"]}]},{"@type":"BreadcrumbList","@id":"https:\/\/www.indusfoodsolutions.com\/ca\/politica-de-cookies\/#breadcrumb","itemListElement":[{"@type":"ListItem","position":1,"name":"Portada","item":"https:\/\/www.indusfoodsolutions.com\/ca\/"},{"@type":"ListItem","position":2,"name":"Pol\u00edtica de Cookies"}]},{"@type":"WebSite","@id":"https:\/\/www.indusfoodsolutions.com\/ca\/#website","url":"https:\/\/www.indusfoodsolutions.com\/ca\/","name":"IndusFood Solutions","description":"Consultor&iacute;a para la Industria Alimentaria","publisher":{"@id":"https:\/\/www.indusfoodsolutions.com\/ca\/#organization"},"potentialAction":[{"@type":"SearchAction","target":{"@type":"EntryPoint","urlTemplate":"https:\/\/www.indusfoodsolutions.com\/ca\/?s={search_term_string}"},"query-input":{"@type":"PropertyValueSpecification","valueRequired":true,"valueName":"search_term_string"}}],"inLanguage":"ca"},{"@type":"Organization","@id":"https:\/\/www.indusfoodsolutions.com\/ca\/#organization","name":"IndusFood Solutions","url":"https:\/\/www.indusfoodsolutions.com\/ca\/","logo":{"@type":"ImageObject","inLanguage":"ca","@id":"https:\/\/www.indusfoodsolutions.com\/ca\/#\/schema\/logo\/image\/","url":"https:\/\/www.indusfoodsolutions.com\/wp-content\/uploads\/2023\/10\/cropped-indusfood-solutions-logotipo.png","contentUrl":"https:\/\/www.indusfoodsolutions.com\/wp-content\/uploads\/2023\/10\/cropped-indusfood-solutions-logotipo.png","width":350,"height":100,"caption":"IndusFood Solutions"},"image":{"@id":"https:\/\/www.indusfoodsolutions.com\/ca\/#\/schema\/logo\/image\/"}}]}},"_links":{"self":[{"href":"https:\/\/www.indusfoodsolutions.com\/ca\/wp-json\/wp\/v2\/pages\/1198","targetHints":{"allow":["GET"]}}],"collection":[{"href":"https:\/\/www.indusfoodsolutions.com\/ca\/wp-json\/wp\/v2\/pages"}],"about":[{"href":"https:\/\/www.indusfoodsolutions.com\/ca\/wp-json\/wp\/v2\/types\/page"}],"author":[{"embeddable":true,"href":"https:\/\/www.indusfoodsolutions.com\/ca\/wp-json\/wp\/v2\/users\/1"}],"replies":[{"embeddable":true,"href":"https:\/\/www.indusfoodsolutions.com\/ca\/wp-json\/wp\/v2\/comments?post=1198"}],"version-history":[{"count":0,"href":"https:\/\/www.indusfoodsolutions.com\/ca\/wp-json\/wp\/v2\/pages\/1198\/revisions"}],"wp:attachment":[{"href":"https:\/\/www.indusfoodsolutions.com\/ca\/wp-json\/wp\/v2\/media?parent=1198"}],"curies":[{"name":"wp","href":"https:\/\/api.w.org\/{rel}","templated":true}]}}