{"id":1196,"date":"2023-10-22T16:05:53","date_gmt":"2023-10-22T14:05:53","guid":{"rendered":"https:\/\/www.indusfoodsolutions.com\/avis-legal\/"},"modified":"2025-10-21T16:00:00","modified_gmt":"2025-10-21T14:00:00","slug":"avis-legal","status":"publish","type":"page","link":"https:\/\/www.indusfoodsolutions.com\/ca\/avis-legal\/","title":{"rendered":"Av\u00eds Legal"},"content":{"rendered":"\t\t<div data-elementor-type=\"wp-page\" data-elementor-id=\"1196\" class=\"elementor elementor-1196 elementor-16\" data-elementor-post-type=\"page\">\n\t\t\t\t<div class=\"elementor-element elementor-element-47dbbd9 e-flex e-con-boxed e-con e-parent\" data-id=\"47dbbd9\" data-element_type=\"container\" data-e-type=\"container\" data-settings=\"{&quot;background_background&quot;:&quot;classic&quot;}\">\n\t\t\t\t\t<div class=\"e-con-inner\">\n\t\t\t\t<div class=\"elementor-element elementor-element-0b66d1a elementor-widget elementor-widget-heading\" data-id=\"0b66d1a\" data-element_type=\"widget\" data-e-type=\"widget\" data-widget_type=\"heading.default\">\n\t\t\t\t<div class=\"elementor-widget-container\">\n\t\t\t\t\t<h1 class=\"elementor-heading-title elementor-size-default\">Av\u00eds Legal<\/h1>\t\t\t\t<\/div>\n\t\t\t\t<\/div>\n\t\t\t\t<div class=\"elementor-element elementor-element-1e187cb elementor-widget-divider--view-line elementor-widget elementor-widget-divider\" data-id=\"1e187cb\" data-element_type=\"widget\" data-e-type=\"widget\" data-widget_type=\"divider.default\">\n\t\t\t\t<div class=\"elementor-widget-container\">\n\t\t\t\t\t\t\t<div class=\"elementor-divider\">\n\t\t\t<span class=\"elementor-divider-separator\">\n\t\t\t\t\t\t<\/span>\n\t\t<\/div>\n\t\t\t\t\t\t<\/div>\n\t\t\t\t<\/div>\n\t\t\t\t<div class=\"elementor-element elementor-element-6fd6224 elementor-widget elementor-widget-text-editor\" data-id=\"6fd6224\" data-element_type=\"widget\" data-e-type=\"widget\" data-widget_type=\"text-editor.default\">\n\t\t\t\t<div class=\"elementor-widget-container\">\n\t\t\t\t\t\t\t\t\t<h3>1. INFORMACI\u00d3 CORPORATIVA<\/h3><p>En compliment de la Llei 34\/2002, d&#8217;11 de juliol, de serveis de la societat de la informaci\u00f3 i de comer\u00e7 electr\u00f2nic, <strong>INDUSFOOD SOLUTIONS<\/strong> us informa que \u00e9s titular dels llocs web: <strong>WWW.INDUSFOODSOLUTIONS.COM<\/strong>, d&#8217;acord amb l&#8217;exig\u00e8ncia de l&#8217;article 10 de l&#8217;esmentada Llei, <strong>INDUSFOOD SOLUTIONS<\/strong><strong>,<\/strong> notifica les dades seg\u00fcents: el titular d&#8217;aquesta p\u00e0gina web \u00e9s INDUSFOOD SOLUTIONS amb CIF: E22674469. L&#8217;adre\u00e7a de correu electr\u00f2nic de contacte amb l&#8217;empresa \u00e9s: <strong>info@indusfoodsolutions.com<\/strong> <\/p><h3>2. USUARI I R\u00c8GIM DE RESPONSABILITATS<\/h3><p>La navegaci\u00f3 per acc\u00e9s o \u00fas de la p\u00e0gina web <strong>WWW.INDUSFOODSOLUTIONS.COM<\/strong> i tots els subdominis i directoris inclosos sota la mateixa, aix\u00ed com els serveis o continguts que a trav\u00e9s seu es puguin obtenir i tots els portals de domini propi sota titularitat d&#8217;<strong>INDUSFOOD SOLUTIONS<\/strong>, atorga la Condici\u00f3 d&#8217;<strong>Usuari<\/strong>, per la qual s&#8217;accepten, al navegar per la p\u00e0gina <strong>INDUSFOOD SOLUTIONS<\/strong>, totes les condicions que s&#8217;estableixen aqu\u00ed sense perjudicar l&#8217;aplicaci\u00f3 de la corresponent normativa de compliment legal obligat segons el cas.<\/p><p>Per aix\u00f2, si les consideracions detallades en aquest av\u00eds legal no s\u00f3n de la seva conformitat, preguem que no faci \u00fas del portal, ja que qualsevol \u00fas que en faci el mateix o els serveis i continguts en ell inclosos implicar\u00e0 l&#8217;acceptaci\u00f3 dels termes legals recollits en aquest text.<\/p><p>La p\u00e0gina web d&#8217;<strong>INDUSFOOD SOLUTIONS<\/strong> proporciona una gran diversitat d&#8217;informaci\u00f3, serveis i dades. L&#8217;usuari assumeix la responsabilitat en l&#8217;\u00fas correcte dels llocs web. Aquesta responsabilitat s&#8217;estendr\u00e0 a: La veracitat i licitud de les informacions aportades per l&#8217;usuari als formularis emesos per <strong>INDUSFOOD SOLUTIONS<\/strong> per accedir a determinats continguts o serveis oferts per la web.  <\/p><p>L&#8217;\u00fas de la informaci\u00f3, els serveis i les dades ofertes per <strong>INDUSFOOD SOLUTIONS<\/strong> contra les disposicions d&#8217;aquestes condicions, la Llei, la moral, els bons costums o l&#8217;ordre p\u00fablic o que, altrament, puguin suposar lesi\u00f3 dels drets de tercers o del funcionament dels llocs web. A aquest efecte, l&#8217;Usuari s&#8217;abstindr\u00e0 d&#8217;utilitzar qualsevol dels continguts amb finalitats o efectes il\u00b7l\u00edcits, prohibits en aquest text, lesius dels drets i interessos de tercers, o que de qualsevol manera puguin danyar, inutilitzar, sobrecarregar, deteriorar o impedir la utilitzaci\u00f3 normal dels continguts, altres Usuaris o de qualsevol usuari d&#8217;Internet (hardware i software). <\/p><p>Els usuaris respondran dels danys i perjudicis de tota naturalesa que l&#8217;empresa propiet\u00e0ria del web pugui patir, directament o indirectament, com a conseq\u00fc\u00e8ncia d&#8217;incompliment de qualsevol de les obligacions derivades de l&#8217;\u00fas del web i d&#8217;aquesta pol\u00edtica de privadesa.<\/p><p>En particular, i a t\u00edtol merament indicatiu i no exhaustiu, l&#8217;Usuari es compromet a no transmetre, difondre o posar a disposici\u00f3 de tercers informacions, dades, continguts, missatges, gr\u00e0fics, dibuixos, fitxers de so i\/o imatge, fotografies de la web.<\/p>\t\t\t\t\t\t\t\t<\/div>\n\t\t\t\t<\/div>\n\t\t\t\t\t<\/div>\n\t\t\t\t<\/div>\n\t\t\t\t<\/div>\n\t\t","protected":false},"excerpt":{"rendered":"<p>Av\u00eds Legal 1. INFORMACI\u00d3 CORPORATIVA En compliment de la Llei 34\/2002, d&#8217;11 de juliol, de serveis de la societat de la informaci\u00f3 i de comer\u00e7 electr\u00f2nic, INDUSFOOD SOLUTIONS us informa que \u00e9s titular dels llocs web: WWW.INDUSFOODSOLUTIONS.COM, d&#8217;acord amb l&#8217;exig\u00e8ncia de l&#8217;article 10 de l&#8217;esmentada Llei, INDUSFOOD SOLUTIONS, notifica les dades seg\u00fcents: el titular d&#8217;aquesta [&hellip;]<\/p>\n","protected":false},"author":1,"featured_media":0,"parent":0,"menu_order":0,"comment_status":"closed","ping_status":"closed","template":"elementor_header_footer","meta":{"footnotes":""},"class_list":["post-1196","page","type-page","status-publish","hentry"],"yoast_head":"<!-- This site is optimized with the Yoast SEO plugin v27.3 - https:\/\/yoast.com\/product\/yoast-seo-wordpress\/ -->\n<title>\u1405 INDUSFOOD: Av\u00eds Legal \u30102026\u3011<\/title>\n<meta name=\"robots\" content=\"noindex, follow\" \/>\n<meta property=\"og:locale\" content=\"ca_ES\" \/>\n<meta property=\"og:type\" content=\"article\" \/>\n<meta property=\"og:title\" content=\"\u1405 INDUSFOOD: Av\u00eds Legal \u30102026\u3011\" \/>\n<meta property=\"og:description\" content=\"Av\u00eds Legal 1. INFORMACI\u00d3 CORPORATIVA En compliment de la Llei 34\/2002, d&#8217;11 de juliol, de serveis de la societat de la informaci\u00f3 i de comer\u00e7 electr\u00f2nic, INDUSFOOD SOLUTIONS us informa que \u00e9s titular dels llocs web: WWW.INDUSFOODSOLUTIONS.COM, d&#8217;acord amb l&#8217;exig\u00e8ncia de l&#8217;article 10 de l&#8217;esmentada Llei, INDUSFOOD SOLUTIONS, notifica les dades seg\u00fcents: el titular d&#8217;aquesta [&hellip;]\" \/>\n<meta property=\"og:url\" content=\"https:\/\/www.indusfoodsolutions.com\/ca\/avis-legal\/\" \/>\n<meta property=\"og:site_name\" content=\"IndusFood Solutions\" \/>\n<meta property=\"article:modified_time\" content=\"2025-10-21T14:00:00+00:00\" \/>\n<meta name=\"twitter:card\" content=\"summary_large_image\" \/>\n<meta name=\"twitter:label1\" content=\"Temps estimat de lectura\" \/>\n\t<meta name=\"twitter:data1\" content=\"2 minuts\" \/>\n<script type=\"application\/ld+json\" class=\"yoast-schema-graph\">{\"@context\":\"https:\\\/\\\/schema.org\",\"@graph\":[{\"@type\":\"WebPage\",\"@id\":\"https:\\\/\\\/www.indusfoodsolutions.com\\\/ca\\\/avis-legal\\\/\",\"url\":\"https:\\\/\\\/www.indusfoodsolutions.com\\\/ca\\\/avis-legal\\\/\",\"name\":\"\u1405 INDUSFOOD: Av\u00eds Legal \u30102026\u3011\",\"isPartOf\":{\"@id\":\"https:\\\/\\\/www.indusfoodsolutions.com\\\/ca\\\/#website\"},\"datePublished\":\"2023-10-22T14:05:53+00:00\",\"dateModified\":\"2025-10-21T14:00:00+00:00\",\"breadcrumb\":{\"@id\":\"https:\\\/\\\/www.indusfoodsolutions.com\\\/ca\\\/avis-legal\\\/#breadcrumb\"},\"inLanguage\":\"ca\",\"potentialAction\":[{\"@type\":\"ReadAction\",\"target\":[\"https:\\\/\\\/www.indusfoodsolutions.com\\\/ca\\\/avis-legal\\\/\"]}]},{\"@type\":\"BreadcrumbList\",\"@id\":\"https:\\\/\\\/www.indusfoodsolutions.com\\\/ca\\\/avis-legal\\\/#breadcrumb\",\"itemListElement\":[{\"@type\":\"ListItem\",\"position\":1,\"name\":\"Portada\",\"item\":\"https:\\\/\\\/www.indusfoodsolutions.com\\\/ca\\\/\"},{\"@type\":\"ListItem\",\"position\":2,\"name\":\"Av\u00eds Legal\"}]},{\"@type\":\"WebSite\",\"@id\":\"https:\\\/\\\/www.indusfoodsolutions.com\\\/ca\\\/#website\",\"url\":\"https:\\\/\\\/www.indusfoodsolutions.com\\\/ca\\\/\",\"name\":\"IndusFood Solutions\",\"description\":\"Consultor&iacute;a para la Industria Alimentaria\",\"publisher\":{\"@id\":\"https:\\\/\\\/www.indusfoodsolutions.com\\\/ca\\\/#organization\"},\"potentialAction\":[{\"@type\":\"SearchAction\",\"target\":{\"@type\":\"EntryPoint\",\"urlTemplate\":\"https:\\\/\\\/www.indusfoodsolutions.com\\\/ca\\\/?s={search_term_string}\"},\"query-input\":{\"@type\":\"PropertyValueSpecification\",\"valueRequired\":true,\"valueName\":\"search_term_string\"}}],\"inLanguage\":\"ca\"},{\"@type\":\"Organization\",\"@id\":\"https:\\\/\\\/www.indusfoodsolutions.com\\\/ca\\\/#organization\",\"name\":\"IndusFood Solutions\",\"url\":\"https:\\\/\\\/www.indusfoodsolutions.com\\\/ca\\\/\",\"logo\":{\"@type\":\"ImageObject\",\"inLanguage\":\"ca\",\"@id\":\"https:\\\/\\\/www.indusfoodsolutions.com\\\/ca\\\/#\\\/schema\\\/logo\\\/image\\\/\",\"url\":\"https:\\\/\\\/www.indusfoodsolutions.com\\\/wp-content\\\/uploads\\\/2023\\\/10\\\/cropped-indusfood-solutions-logotipo.png\",\"contentUrl\":\"https:\\\/\\\/www.indusfoodsolutions.com\\\/wp-content\\\/uploads\\\/2023\\\/10\\\/cropped-indusfood-solutions-logotipo.png\",\"width\":350,\"height\":100,\"caption\":\"IndusFood Solutions\"},\"image\":{\"@id\":\"https:\\\/\\\/www.indusfoodsolutions.com\\\/ca\\\/#\\\/schema\\\/logo\\\/image\\\/\"}}]}<\/script>\n<!-- \/ Yoast SEO plugin. -->","yoast_head_json":{"title":"\u1405 INDUSFOOD: Av\u00eds Legal \u30102026\u3011","robots":{"index":"noindex","follow":"follow"},"og_locale":"ca_ES","og_type":"article","og_title":"\u1405 INDUSFOOD: Av\u00eds Legal \u30102026\u3011","og_description":"Av\u00eds Legal 1. INFORMACI\u00d3 CORPORATIVA En compliment de la Llei 34\/2002, d&#8217;11 de juliol, de serveis de la societat de la informaci\u00f3 i de comer\u00e7 electr\u00f2nic, INDUSFOOD SOLUTIONS us informa que \u00e9s titular dels llocs web: WWW.INDUSFOODSOLUTIONS.COM, d&#8217;acord amb l&#8217;exig\u00e8ncia de l&#8217;article 10 de l&#8217;esmentada Llei, INDUSFOOD SOLUTIONS, notifica les dades seg\u00fcents: el titular d&#8217;aquesta [&hellip;]","og_url":"https:\/\/www.indusfoodsolutions.com\/ca\/avis-legal\/","og_site_name":"IndusFood Solutions","article_modified_time":"2025-10-21T14:00:00+00:00","twitter_card":"summary_large_image","twitter_misc":{"Temps estimat de lectura":"2 minuts"},"schema":{"@context":"https:\/\/schema.org","@graph":[{"@type":"WebPage","@id":"https:\/\/www.indusfoodsolutions.com\/ca\/avis-legal\/","url":"https:\/\/www.indusfoodsolutions.com\/ca\/avis-legal\/","name":"\u1405 INDUSFOOD: Av\u00eds Legal \u30102026\u3011","isPartOf":{"@id":"https:\/\/www.indusfoodsolutions.com\/ca\/#website"},"datePublished":"2023-10-22T14:05:53+00:00","dateModified":"2025-10-21T14:00:00+00:00","breadcrumb":{"@id":"https:\/\/www.indusfoodsolutions.com\/ca\/avis-legal\/#breadcrumb"},"inLanguage":"ca","potentialAction":[{"@type":"ReadAction","target":["https:\/\/www.indusfoodsolutions.com\/ca\/avis-legal\/"]}]},{"@type":"BreadcrumbList","@id":"https:\/\/www.indusfoodsolutions.com\/ca\/avis-legal\/#breadcrumb","itemListElement":[{"@type":"ListItem","position":1,"name":"Portada","item":"https:\/\/www.indusfoodsolutions.com\/ca\/"},{"@type":"ListItem","position":2,"name":"Av\u00eds Legal"}]},{"@type":"WebSite","@id":"https:\/\/www.indusfoodsolutions.com\/ca\/#website","url":"https:\/\/www.indusfoodsolutions.com\/ca\/","name":"IndusFood Solutions","description":"Consultor&iacute;a para la Industria Alimentaria","publisher":{"@id":"https:\/\/www.indusfoodsolutions.com\/ca\/#organization"},"potentialAction":[{"@type":"SearchAction","target":{"@type":"EntryPoint","urlTemplate":"https:\/\/www.indusfoodsolutions.com\/ca\/?s={search_term_string}"},"query-input":{"@type":"PropertyValueSpecification","valueRequired":true,"valueName":"search_term_string"}}],"inLanguage":"ca"},{"@type":"Organization","@id":"https:\/\/www.indusfoodsolutions.com\/ca\/#organization","name":"IndusFood Solutions","url":"https:\/\/www.indusfoodsolutions.com\/ca\/","logo":{"@type":"ImageObject","inLanguage":"ca","@id":"https:\/\/www.indusfoodsolutions.com\/ca\/#\/schema\/logo\/image\/","url":"https:\/\/www.indusfoodsolutions.com\/wp-content\/uploads\/2023\/10\/cropped-indusfood-solutions-logotipo.png","contentUrl":"https:\/\/www.indusfoodsolutions.com\/wp-content\/uploads\/2023\/10\/cropped-indusfood-solutions-logotipo.png","width":350,"height":100,"caption":"IndusFood Solutions"},"image":{"@id":"https:\/\/www.indusfoodsolutions.com\/ca\/#\/schema\/logo\/image\/"}}]}},"_links":{"self":[{"href":"https:\/\/www.indusfoodsolutions.com\/ca\/wp-json\/wp\/v2\/pages\/1196","targetHints":{"allow":["GET"]}}],"collection":[{"href":"https:\/\/www.indusfoodsolutions.com\/ca\/wp-json\/wp\/v2\/pages"}],"about":[{"href":"https:\/\/www.indusfoodsolutions.com\/ca\/wp-json\/wp\/v2\/types\/page"}],"author":[{"embeddable":true,"href":"https:\/\/www.indusfoodsolutions.com\/ca\/wp-json\/wp\/v2\/users\/1"}],"replies":[{"embeddable":true,"href":"https:\/\/www.indusfoodsolutions.com\/ca\/wp-json\/wp\/v2\/comments?post=1196"}],"version-history":[{"count":0,"href":"https:\/\/www.indusfoodsolutions.com\/ca\/wp-json\/wp\/v2\/pages\/1196\/revisions"}],"wp:attachment":[{"href":"https:\/\/www.indusfoodsolutions.com\/ca\/wp-json\/wp\/v2\/media?parent=1196"}],"curies":[{"name":"wp","href":"https:\/\/api.w.org\/{rel}","templated":true}]}}